{"id":6760,"date":"2022-03-09T15:47:06","date_gmt":"2022-03-09T15:47:06","guid":{"rendered":"https:\/\/mindmuseum.at\/?page_id=6760"},"modified":"2024-02-08T09:36:00","modified_gmt":"2024-02-08T09:36:00","slug":"meine-sicht-der-dinge-auf-die-zukunft","status":"publish","type":"page","link":"https:\/\/mindmuseum.at\/index.php\/mitmachen\/meine-sicht-der-dinge-auf-die-zukunft\/","title":{"rendered":"Meine Sicht der Dinge auf die Zukunft"},"content":{"rendered":"<h2>Die Welt und ich, wenn ich 50 Jahre alt sein werde<\/h2>\n<p style=\"margin-left: 35.4pt;\">Aller guten Dinge sind drei \u2013 der dritte mindmuseum-Sammlungsaufruf ist nichts anderes als der sprichw\u00f6rtliche Blick in die Glaskugel und zugleich das am meisten offene Thema der mindmuseum-Sammlungen. Ist denn die Zukunft auch ein Thema f\u00fcrs Museum? Ja, keine Frage \u2013 im K\u00e4rnten Museum, das 2022 unmittelbar vor seiner Wiederer\u00f6ffnung steht, wird es (Achtung Spoiler) sogar einen eigenen \u201eZukunftsraum\u201c geben. Grund genug f\u00fcr die passende mindmuseum-Sammlung, die besonders interessant zu werden verspricht. Wir bitten K\u00e4rntens Sch\u00fcler:innen um einen Gedankenflug ein paar Jahrzehnte in die Zukunft. Museumsarbeit, Sammlungsarbeit ist stets generationen\u00fcbergreifend. Mit dieser Sammlung beginnt zugleich ein Projekt, in dem wir gemeinsam uns selbst und die Zukunft auf die Probe stellen. Welche der gesammelten Gedanken und Eindr\u00fccke werden drei bis vier Jahrzehnte sp\u00e4ter noch relevant erscheinen, was wird sich bewahrheitet haben und was nicht? Die Sammlung bildet immer die Grundlage und dazu rufen wir hier auf!<\/p>\n<p style=\"margin-left: 35.4pt;\">F\u00fcr Fragen zur Organisation und allen M\u00f6glichkeiten mitzumachen, stehen wir Ihnen gerne zur Verf\u00fcgung:<\/p>\n<p>\t\t\t<a href=\"https:\/\/mindmuseum.at\/index.php\/kontakt\/\" role=\"button\"><br \/>\nKontakt<br \/>\n<\/a><\/p>\n<h2>&nbsp;<\/h2>\n<h1 style=\"text-align: left;\">Fotocredit (Banner): Freepik\/rawpixel.com<\/h1>\n","protected":false},"excerpt":{"rendered":"<p>Die Welt und ich, wenn ich 50 Jahre alt sein werde Aller guten Dinge sind drei \u2013 der dritte mindmuseum-Sammlungsaufruf ist nichts anderes als der sprichw\u00f6rtliche Blick in die Glaskugel und zugleich das am meisten offene Thema der mindmuseum-Sammlungen. Ist denn die Zukunft auch ein Thema f\u00fcrs Museum? Ja, keine Frage \u2013 im K\u00e4rnten Museum, das 2022 unmittelbar vor seiner Wiederer\u00f6ffnung steht, wird es (Achtung Spoiler) sogar einen eigenen \u201eZukunftsraum\u201c geben. Grund genug f\u00fcr die passende mindmuseum-Sammlung, die besonders interessant zu werden verspricht. Wir bitten K\u00e4rntens Sch\u00fcler:innen um einen Gedankenflug ein paar Jahrzehnte in die Zukunft. Museumsarbeit, Sammlungsarbeit ist stets generationen\u00fcbergreifend. Mit dieser Sammlung beginnt zugleich ein Projekt, in dem wir gemeinsam uns selbst und die Zukunft auf die Probe stellen. Welche der gesammelten Gedanken und Eindr\u00fccke werden drei bis vier Jahrzehnte sp\u00e4ter noch relevant [&hellip;]<\/p>\n","protected":false},"author":2,"featured_media":6816,"parent":6707,"menu_order":3,"comment_status":"closed","ping_status":"closed","template":"","meta":{"footnotes":""},"class_list":["post-6760","page","type-page","status-publish","has-post-thumbnail","hentry"],"_links":{"self":[{"href":"https:\/\/mindmuseum.at\/index.php\/wp-json\/wp\/v2\/pages\/6760"}],"collection":[{"href":"https:\/\/mindmuseum.at\/index.php\/wp-json\/wp\/v2\/pages"}],"about":[{"href":"https:\/\/mindmuseum.at\/index.php\/wp-json\/wp\/v2\/types\/page"}],"author":[{"embeddable":true,"href":"https:\/\/mindmuseum.at\/index.php\/wp-json\/wp\/v2\/users\/2"}],"replies":[{"embeddable":true,"href":"https:\/\/mindmuseum.at\/index.php\/wp-json\/wp\/v2\/comments?post=6760"}],"version-history":[{"count":19,"href":"https:\/\/mindmuseum.at\/index.php\/wp-json\/wp\/v2\/pages\/6760\/revisions"}],"predecessor-version":[{"id":7134,"href":"https:\/\/mindmuseum.at\/index.php\/wp-json\/wp\/v2\/pages\/6760\/revisions\/7134"}],"up":[{"embeddable":true,"href":"https:\/\/mindmuseum.at\/index.php\/wp-json\/wp\/v2\/pages\/6707"}],"wp:featuredmedia":[{"embeddable":true,"href":"https:\/\/mindmuseum.at\/index.php\/wp-json\/wp\/v2\/media\/6816"}],"wp:attachment":[{"href":"https:\/\/mindmuseum.at\/index.php\/wp-json\/wp\/v2\/media?parent=6760"}],"curies":[{"name":"wp","href":"https:\/\/api.w.org\/{rel}","templated":true}]}}