{"id":6758,"date":"2022-03-09T15:46:57","date_gmt":"2022-03-09T15:46:57","guid":{"rendered":"https:\/\/mindmuseum.at\/?page_id=6758"},"modified":"2022-03-23T11:50:21","modified_gmt":"2022-03-23T11:50:21","slug":"meine-sicht-der-dinge-auf-die-digitalisierung-2","status":"publish","type":"page","link":"https:\/\/mindmuseum.at\/index.php\/mitmachen\/meine-sicht-der-dinge-auf-die-digitalisierung-2\/","title":{"rendered":"Meine digitale Sicht der Dinge"},"content":{"rendered":"\t\t<div data-elementor-type=\"wp-page\" data-elementor-id=\"6758\" class=\"elementor elementor-6758\">\n\t\t\t\t\t\t<section class=\"elementor-section elementor-top-section elementor-element elementor-element-afd9a67 elementor-section-boxed elementor-section-height-default elementor-section-height-default\" data-id=\"afd9a67\" data-element_type=\"section\">\n\t\t\t\t\t\t<div class=\"elementor-container elementor-column-gap-default\">\n\t\t\t\t\t<div class=\"elementor-column elementor-col-100 elementor-top-column elementor-element elementor-element-7a060ae\" data-id=\"7a060ae\" data-element_type=\"column\">\n\t\t\t<div class=\"elementor-widget-wrap elementor-element-populated\">\n\t\t\t\t\t\t<section class=\"elementor-section elementor-inner-section elementor-element elementor-element-c4c08e2 elementor-section-boxed elementor-section-height-default elementor-section-height-default\" data-id=\"c4c08e2\" data-element_type=\"section\">\n\t\t\t\t\t\t<div class=\"elementor-container elementor-column-gap-default\">\n\t\t\t\t\t<div class=\"elementor-column elementor-col-100 elementor-inner-column elementor-element elementor-element-e62e68b\" data-id=\"e62e68b\" data-element_type=\"column\">\n\t\t\t<div class=\"elementor-widget-wrap elementor-element-populated\">\n\t\t\t\t\t\t<div class=\"elementor-element elementor-element-38d62b1 elementor-widget elementor-widget-text-editor\" data-id=\"38d62b1\" data-element_type=\"widget\" data-widget_type=\"text-editor.default\">\n\t\t\t\t<div class=\"elementor-widget-container\">\n\t\t\t\t\t\t\t<h2>Das Restliche machen wir digital!<\/h2><p class=\"MsoNormal\" style=\"margin-left: 35.4pt;\">Eine Sammlung unserer Gedanken und Eindr\u00fccke zu einem der gro\u00dfen Themen der Gegenwart. Digitalisierung wird hier nicht als rein technisches Thema verstanden, sondern in m\u00f6glichst vielen ihrer konkreten Auswirkungen auf unser Leben.<\/p>\t\t\t\t\t\t<\/div>\n\t\t\t\t<\/div>\n\t\t\t\t<div class=\"elementor-element elementor-element-83b21a5 elementor-widget elementor-widget-text-editor\" data-id=\"83b21a5\" data-element_type=\"widget\" data-widget_type=\"text-editor.default\">\n\t\t\t\t<div class=\"elementor-widget-container\">\n\t\t\t\t\t\t\t<p><\/p>\n<p>Die Sicht von Museen auf die Digitalisierung? Ein gro\u00dfes Thema vom \u201eeMuseum\u201c, das 24\/7 zug\u00e4nglich ist, \u00fcber die durchweg digitale Inventarf\u00fchrung und das QR-Code-gesteuerte Sammlungsmanagement bis zu v\u00f6llig neuen Vermittlungsformaten.<\/p>\n<p>Die Sicht von K\u00e4rntens Sch\u00fcler:innen auf die Digitalisierung? Wir vermuten, die Palette der Themen reicht dabei von der Smartphone- und Social-Media-Nutzung \u00fcber das Homeschooling per Teams-Applikation in der Videokonferenz bis zum digital classroom und die Sicht von K\u00e4rntens Sch\u00fcler:innen in Maturaklassen auf die digital erm\u00f6glichte und ausgewertete Zentral-<br>matura \u2026 Wo genau finden wir uns wieder in einer kleiner werdenden Welt, die online ein parallel-Metaversum erfindet, in der unbedachtes Konsumverhalten Gefahr l\u00e4uft, ressourcen- und umweltzerst\u00f6rerisch zu wirken (Vor- und Nachteile von \u201eSHEIN-OneWay-Kleidung\u201c?) und gleichzeitig die Halbleiterindustrie hochqualifizierte Arbeitspl\u00e4tze sichert? Auf vielf\u00e4ltige Weise spuken so viele Themen rund um \u201edie Digitalisierung\u201c durch unsere K\u00f6pfe, dass es Zeit geworden ist, sie gedanklich zu sammeln und im mindmuseum festzuhalten!<\/p>\n<p>Vielleicht auch sollten wir K\u00e4rntens Sch\u00fclerinnen und Sch\u00fcler \u2013 allesamt <em>digital natives<\/em> \u2013 gar nicht fragen, inwiefern \u201edie Digitalisierung\u201c Einfluss auf ihr Leben nimmt. Vielleicht sollte die Frage umgekehrt lauten: Gibt es Lebensbereiche, in denen \u201edigital\u201c keine Rolle spielt. Wie sehr seid Ihr Euch (und sind wir uns) der Durchdringung unseres Lebens durch digitale Technik bewusst?<\/p>\n<p class=\"MsoNormal\" style=\"margin-left: 35.4pt;\">F\u00fcr Fragen zur Organisation und<br>allen M\u00f6glichkeiten mitzumachen, stehen wir Ihnen gerne zur Verf\u00fcgung:<\/p>\t\t\t\t\t\t<\/div>\n\t\t\t\t<\/div>\n\t\t\t\t<div class=\"elementor-element elementor-element-a3a015e elementor-widget elementor-widget-spacer\" data-id=\"a3a015e\" data-element_type=\"widget\" data-widget_type=\"spacer.default\">\n\t\t\t\t<div class=\"elementor-widget-container\">\n\t\t\t\t\t<div class=\"elementor-spacer\">\n\t\t\t<div class=\"elementor-spacer-inner\"><\/div>\n\t\t<\/div>\n\t\t\t\t<\/div>\n\t\t\t\t<\/div>\n\t\t\t\t\t<\/div>\n\t\t<\/div>\n\t\t\t\t\t<\/div>\n\t\t<\/section>\n\t\t\t\t<div class=\"elementor-element elementor-element-bfc40ef elementor-widget elementor-widget-spacer\" data-id=\"bfc40ef\" data-element_type=\"widget\" data-widget_type=\"spacer.default\">\n\t\t\t\t<div class=\"elementor-widget-container\">\n\t\t\t\t\t<div class=\"elementor-spacer\">\n\t\t\t<div class=\"elementor-spacer-inner\"><\/div>\n\t\t<\/div>\n\t\t\t\t<\/div>\n\t\t\t\t<\/div>\n\t\t\t\t\t<\/div>\n\t\t<\/div>\n\t\t\t\t\t<\/div>\n\t\t<\/section>\n\t\t\t\t<section class=\"elementor-section elementor-top-section elementor-element elementor-element-ddf203a elementor-section-boxed elementor-section-height-default elementor-section-height-default\" data-id=\"ddf203a\" data-element_type=\"section\">\n\t\t\t\t\t\t<div class=\"elementor-container elementor-column-gap-default\">\n\t\t\t\t\t<div class=\"elementor-column elementor-col-100 elementor-top-column elementor-element elementor-element-ad1d254\" data-id=\"ad1d254\" data-element_type=\"column\">\n\t\t\t<div class=\"elementor-widget-wrap elementor-element-populated\">\n\t\t\t\t\t\t<div class=\"elementor-element elementor-element-70cadbd elementor-widget elementor-widget-spacer\" data-id=\"70cadbd\" data-element_type=\"widget\" data-widget_type=\"spacer.default\">\n\t\t\t\t<div class=\"elementor-widget-container\">\n\t\t\t\t\t<div class=\"elementor-spacer\">\n\t\t\t<div class=\"elementor-spacer-inner\"><\/div>\n\t\t<\/div>\n\t\t\t\t<\/div>\n\t\t\t\t<\/div>\n\t\t\t\t\t<\/div>\n\t\t<\/div>\n\t\t\t\t\t<\/div>\n\t\t<\/section>\n\t\t\t\t<section class=\"elementor-section elementor-top-section elementor-element elementor-element-5b09ff95 elementor-section-boxed elementor-section-height-default elementor-section-height-default\" data-id=\"5b09ff95\" data-element_type=\"section\">\n\t\t\t\t\t\t<div class=\"elementor-container elementor-column-gap-default\">\n\t\t\t\t\t<div class=\"elementor-column elementor-col-100 elementor-top-column elementor-element elementor-element-1835cad8\" data-id=\"1835cad8\" data-element_type=\"column\">\n\t\t\t<div class=\"elementor-widget-wrap elementor-element-populated\">\n\t\t\t\t\t\t<div class=\"elementor-element elementor-element-d9706de elementor-align-center elementor-widget elementor-widget-button\" data-id=\"d9706de\" data-element_type=\"widget\" data-widget_type=\"button.default\">\n\t\t\t\t<div class=\"elementor-widget-container\">\n\t\t\t\t\t<div class=\"elementor-button-wrapper\">\n\t\t\t<a class=\"elementor-button elementor-button-link elementor-size-xl elementor-animation-grow\" href=\"https:\/\/mindmuseum.at\/index.php\/kontakt\/\">\n\t\t\t\t\t\t<span class=\"elementor-button-content-wrapper\">\n\t\t\t\t\t\t\t\t\t<span class=\"elementor-button-text\">Kontakt<\/span>\n\t\t\t\t\t<\/span>\n\t\t\t\t\t<\/a>\n\t\t<\/div>\n\t\t\t\t<\/div>\n\t\t\t\t<\/div>\n\t\t\t\t<section class=\"elementor-section elementor-inner-section elementor-element elementor-element-e67a3b2 elementor-section-boxed elementor-section-height-default elementor-section-height-default\" data-id=\"e67a3b2\" data-element_type=\"section\">\n\t\t\t\t\t\t<div class=\"elementor-container elementor-column-gap-default\">\n\t\t\t\t\t<div class=\"elementor-column elementor-col-100 elementor-inner-column elementor-element elementor-element-e61b915\" data-id=\"e61b915\" data-element_type=\"column\">\n\t\t\t<div class=\"elementor-widget-wrap elementor-element-populated\">\n\t\t\t\t\t\t<div class=\"elementor-element elementor-element-8479ac1 elementor-widget elementor-widget-text-editor\" data-id=\"8479ac1\" data-element_type=\"widget\" data-widget_type=\"text-editor.default\">\n\t\t\t\t<div class=\"elementor-widget-container\">\n\t\t\t\t\t\t\t<h1><span style=\"font-family: Lora, sans-serif;\"><span style=\"font-size: 18px; font-weight: 400;\">Fotocredit (Banner): Freepik\/rawpixel.com<\/span><\/span><\/h1>\t\t\t\t\t\t<\/div>\n\t\t\t\t<\/div>\n\t\t\t\t<div class=\"elementor-element elementor-element-1c7f3de elementor-widget elementor-widget-spacer\" data-id=\"1c7f3de\" data-element_type=\"widget\" data-widget_type=\"spacer.default\">\n\t\t\t\t<div class=\"elementor-widget-container\">\n\t\t\t\t\t<div class=\"elementor-spacer\">\n\t\t\t<div class=\"elementor-spacer-inner\"><\/div>\n\t\t<\/div>\n\t\t\t\t<\/div>\n\t\t\t\t<\/div>\n\t\t\t\t\t<\/div>\n\t\t<\/div>\n\t\t\t\t\t<\/div>\n\t\t<\/section>\n\t\t\t\t\t<\/div>\n\t\t<\/div>\n\t\t\t\t\t<\/div>\n\t\t<\/section>\n\t\t\t\t<\/div>\n\t\t","protected":false},"excerpt":{"rendered":"<p>Das Restliche machen wir digital! Eine Sammlung unserer Gedanken und Eindr\u00fccke zu einem der gro\u00dfen Themen der Gegenwart. Digitalisierung wird hier nicht als rein technisches Thema verstanden, sondern in m\u00f6glichst vielen ihrer konkreten Auswirkungen auf unser Leben. Die Sicht von Museen auf die Digitalisierung? Ein gro\u00dfes Thema vom \u201eeMuseum\u201c, das 24\/7 zug\u00e4nglich ist, \u00fcber die durchweg digitale Inventarf\u00fchrung und das QR-Code-gesteuerte Sammlungsmanagement bis zu v\u00f6llig neuen Vermittlungsformaten. Die Sicht von K\u00e4rntens Sch\u00fcler:innen auf die Digitalisierung? Wir vermuten, die Palette der Themen reicht dabei von der Smartphone- und Social-Media-Nutzung \u00fcber das Homeschooling per Teams-Applikation in der Videokonferenz bis zum digital classroom und die Sicht von K\u00e4rntens Sch\u00fcler:innen in Maturaklassen auf die digital erm\u00f6glichte und ausgewertete Zentral-matura \u2026 Wo genau finden wir uns wieder in einer kleiner werdenden Welt, die online ein parallel-Metaversum erfindet, in der unbedachtes [&hellip;]<\/p>\n","protected":false},"author":2,"featured_media":6811,"parent":6707,"menu_order":3,"comment_status":"closed","ping_status":"closed","template":"","meta":{"footnotes":""},"class_list":["post-6758","page","type-page","status-publish","has-post-thumbnail","hentry"],"_links":{"self":[{"href":"https:\/\/mindmuseum.at\/index.php\/wp-json\/wp\/v2\/pages\/6758"}],"collection":[{"href":"https:\/\/mindmuseum.at\/index.php\/wp-json\/wp\/v2\/pages"}],"about":[{"href":"https:\/\/mindmuseum.at\/index.php\/wp-json\/wp\/v2\/types\/page"}],"author":[{"embeddable":true,"href":"https:\/\/mindmuseum.at\/index.php\/wp-json\/wp\/v2\/users\/2"}],"replies":[{"embeddable":true,"href":"https:\/\/mindmuseum.at\/index.php\/wp-json\/wp\/v2\/comments?post=6758"}],"version-history":[{"count":33,"href":"https:\/\/mindmuseum.at\/index.php\/wp-json\/wp\/v2\/pages\/6758\/revisions"}],"predecessor-version":[{"id":7131,"href":"https:\/\/mindmuseum.at\/index.php\/wp-json\/wp\/v2\/pages\/6758\/revisions\/7131"}],"up":[{"embeddable":true,"href":"https:\/\/mindmuseum.at\/index.php\/wp-json\/wp\/v2\/pages\/6707"}],"wp:featuredmedia":[{"embeddable":true,"href":"https:\/\/mindmuseum.at\/index.php\/wp-json\/wp\/v2\/media\/6811"}],"wp:attachment":[{"href":"https:\/\/mindmuseum.at\/index.php\/wp-json\/wp\/v2\/media?parent=6758"}],"curies":[{"name":"wp","href":"https:\/\/api.w.org\/{rel}","templated":true}]}}