{"id":6751,"date":"2022-03-09T15:38:08","date_gmt":"2022-03-09T15:38:08","guid":{"rendered":"https:\/\/mindmuseum.at\/?page_id=6751"},"modified":"2022-03-23T11:49:25","modified_gmt":"2022-03-23T11:49:25","slug":"meine-sicht-der-dinge-auf-die-umwelt","status":"publish","type":"page","link":"https:\/\/mindmuseum.at\/index.php\/mitmachen\/meine-sicht-der-dinge-auf-die-umwelt\/","title":{"rendered":"Meine Sicht der Dinge auf die Umwelt"},"content":{"rendered":"\t\t<div data-elementor-type=\"wp-page\" data-elementor-id=\"6751\" class=\"elementor elementor-6751\">\n\t\t\t\t\t\t<section class=\"elementor-section elementor-top-section elementor-element elementor-element-afd9a67 elementor-section-boxed elementor-section-height-default elementor-section-height-default\" data-id=\"afd9a67\" data-element_type=\"section\">\n\t\t\t\t\t\t<div class=\"elementor-container elementor-column-gap-default\">\n\t\t\t\t\t<div class=\"elementor-column elementor-col-100 elementor-top-column elementor-element elementor-element-7a060ae\" data-id=\"7a060ae\" data-element_type=\"column\">\n\t\t\t<div class=\"elementor-widget-wrap elementor-element-populated\">\n\t\t\t\t\t\t<section class=\"elementor-section elementor-inner-section elementor-element elementor-element-c4c08e2 elementor-section-boxed elementor-section-height-default elementor-section-height-default\" data-id=\"c4c08e2\" data-element_type=\"section\">\n\t\t\t\t\t\t<div class=\"elementor-container elementor-column-gap-default\">\n\t\t\t\t\t<div class=\"elementor-column elementor-col-100 elementor-inner-column elementor-element elementor-element-e62e68b\" data-id=\"e62e68b\" data-element_type=\"column\">\n\t\t\t<div class=\"elementor-widget-wrap elementor-element-populated\">\n\t\t\t\t\t\t<div class=\"elementor-element elementor-element-38d62b1 elementor-widget elementor-widget-text-editor\" data-id=\"38d62b1\" data-element_type=\"widget\" data-widget_type=\"text-editor.default\">\n\t\t\t\t<div class=\"elementor-widget-container\">\n\t\t\t\t\t\t\t<h2>Der Mensch und die Natur<\/h2><p class=\"MsoNormal\" style=\"margin-left: 35.4pt;\">Eine Sammlung unserer Sicht auf Umweltthemen im Allgemeinen, besonders aber auf die beiden Themenkomplexe Biodiversit\u00e4t und Klimawandel!<\/p>\t\t\t\t\t\t<\/div>\n\t\t\t\t<\/div>\n\t\t\t\t<div class=\"elementor-element elementor-element-83b21a5 elementor-widget elementor-widget-text-editor\" data-id=\"83b21a5\" data-element_type=\"widget\" data-widget_type=\"text-editor.default\">\n\t\t\t\t<div class=\"elementor-widget-container\">\n\t\t\t\t\t\t\t<h2><strong>Biodiversit\u00e4t<\/strong><\/h2><p>Die wunderbare Vielfalt des Lebens, das uns umgibt: Wir sprechen von ihr, benennen sie, benennen sie wissenschaftlich und sorgen uns um sie. Klimawandel, Verlust an Biodiversit\u00e4t, \u00f6kologische Krisen sind die Stichworte einer gegenw\u00e4rtigen Bezugnahme auf \u201edie Natur\u201c unter dem Vorzeichen warnender Stimmen und besorgter Schlagzeilen, die uns regelm\u00e4\u00dfig daran erinnern, dass unser Ressourcenverbrauch, unsere Art zu leben Folgen zeitigt, die wir h\u00f6chstwahrscheinlich nicht verantworten wollen.<\/p><p>Wie stehen Museen zur Vielfalt? Museen sammeln die Vielfalt auf. Sie brauchen sie als Existenzbedingung. Das ist es, was Museen machen: Sie unterhalten eine Liebesbeziehung mit der Vielfalt. Und nirgendwo unter allen Ph\u00e4nomenen, denen wir Menschen begegnen, umf\u00e4ngt uns <em>Vielfalt<\/em> greifbarer, wahrnehmbarer und unmittelbarer als im Reich der Natur. Wir behaupten: <br \/>Im Disziplinenkanon, dessen was gesammelt werden kann, nimmt die vielf\u00e4ltige Welt des Lebens auf unserem Planeten die erste Stellung ein.<\/p><p>Aber welche Sicht haben Sch\u00fclerinnen und Sch\u00fcler auf das Thema? <br \/>Wir sind neugierig und freuen uns auf vielf\u00e4ltige Gedankensammlungen!<\/p>\t\t\t\t\t\t<\/div>\n\t\t\t\t<\/div>\n\t\t\t\t<div class=\"elementor-element elementor-element-e79dbbd elementor-widget elementor-widget-text-editor\" data-id=\"e79dbbd\" data-element_type=\"widget\" data-widget_type=\"text-editor.default\">\n\t\t\t\t<div class=\"elementor-widget-container\">\n\t\t\t\t\t\t\t<p style=\"margin-left: 35.4pt;\"><i>Gedankensammlung UND Natursammlung?<\/i><\/p><p style=\"margin-left: 35.4pt;\">Wie immer ist das Verh\u00e4ltnis der (forschenden und wissenschaftlichen) Bezugnahme der musealen Sammler auf die Vielfalt ihres Sammlungsgebietes ein doppeltes. Das Aufgesammelte wird klassifiziert, geordnet. Und dann sagen die H\u00fcter der Museumssammlungen: Du erkennst nur, was du kennst, was dir schon begegnet ist.<\/p><p>Dein n\u00e4chster Waldspaziergang wird mit gesch\u00e4rftem Blick vonstattengehen, jetzt wo du dein erstes Herbarblatt angefertigt und schon einmal vom Internet des Waldes geh\u00f6rt hast. Hier im <i>mindmuseum<\/i> fragen wir die Sch\u00fcler:innen unserer Projektklassen auch, was ihnen begegnet ist im Reiche der vielf\u00e4ltigen Natur. Wom\u00f6glich sind sie auch schon selbst Sammler:innen und teilen mit uns ihre Erfahrungen als Nachwuchs-Naturforscher:innen.<\/p>\t\t\t\t\t\t<\/div>\n\t\t\t\t<\/div>\n\t\t\t\t<div class=\"elementor-element elementor-element-a3a015e elementor-widget elementor-widget-spacer\" data-id=\"a3a015e\" data-element_type=\"widget\" data-widget_type=\"spacer.default\">\n\t\t\t\t<div class=\"elementor-widget-container\">\n\t\t\t\t\t<div class=\"elementor-spacer\">\n\t\t\t<div class=\"elementor-spacer-inner\"><\/div>\n\t\t<\/div>\n\t\t\t\t<\/div>\n\t\t\t\t<\/div>\n\t\t\t\t\t<\/div>\n\t\t<\/div>\n\t\t\t\t\t<\/div>\n\t\t<\/section>\n\t\t\t\t<div class=\"elementor-element elementor-element-08b5ad9 elementor-widget elementor-widget-text-editor\" data-id=\"08b5ad9\" data-element_type=\"widget\" data-widget_type=\"text-editor.default\">\n\t\t\t\t<div class=\"elementor-widget-container\">\n\t\t\t\t\t\t\t<h2><strong>Klimawandel <\/strong><\/h2>\n<p style=\"margin-left: 35.4pt;\">Der \u00f6sterreichische Biodiversit\u00e4tsrat erhebt regelm\u00e4\u00dfig warnend die Stimme, das Biodiversit\u00e4tsbarometer steht auf Gelb-Rot. Und erinnert uns daran \u201eArtenvielfalt und Klimaschutz gemeinsam zu denken\u201c.<\/p>\n<p>Wenn wir uns also mit Biodiversit\u00e4t auseinander setzen, dann m\u00fcssen wir uns auch mit dem Klimawandel befassen und weiter mit Themen wie Landnutzung, Bodenversiegelung nicht zuletzt mit den Instrumenten zur Umsetzung \u00f6kologischer Zielvorstellungen, mit Gesetzgebungen, \u00f6kosozialen Steuern u. v. m.<\/p>\n<p style=\"margin-left: 35.4pt;\">Wie erleben wir die Klimakrise, was ist unsere Sicht auf die \u201eFridays for future\u201c-Bewegung, auf Elektro-Autos und den internationalen Flugverkehr? Museen k\u00f6nnen anhand ihrer Sammlungen zahlreiche Belege und Folgezusammenh\u00e4nge von\/f\u00fcr Klimawandel zeigen. Hier im mindmuseum soll gezeigt werden, was K\u00e4rntens Sch\u00fcler:innen dar\u00fcber denken.<\/p>\n<p style=\"margin-left: 35.4pt;\">F\u00fcr Fragen zur Organisation und allen M\u00f6glichkeiten mitzumachen, stehen wir Ihnen gerne zur Verf\u00fcgung:<\/p>\t\t\t\t\t\t<\/div>\n\t\t\t\t<\/div>\n\t\t\t\t<div class=\"elementor-element elementor-element-bfc40ef elementor-widget elementor-widget-spacer\" data-id=\"bfc40ef\" data-element_type=\"widget\" data-widget_type=\"spacer.default\">\n\t\t\t\t<div class=\"elementor-widget-container\">\n\t\t\t\t\t<div class=\"elementor-spacer\">\n\t\t\t<div class=\"elementor-spacer-inner\"><\/div>\n\t\t<\/div>\n\t\t\t\t<\/div>\n\t\t\t\t<\/div>\n\t\t\t\t\t<\/div>\n\t\t<\/div>\n\t\t\t\t\t<\/div>\n\t\t<\/section>\n\t\t\t\t<section class=\"elementor-section elementor-top-section elementor-element elementor-element-5b09ff95 elementor-section-boxed elementor-section-height-default elementor-section-height-default\" data-id=\"5b09ff95\" data-element_type=\"section\">\n\t\t\t\t\t\t<div class=\"elementor-container elementor-column-gap-default\">\n\t\t\t\t\t<div class=\"elementor-column elementor-col-100 elementor-top-column elementor-element elementor-element-1835cad8\" data-id=\"1835cad8\" data-element_type=\"column\">\n\t\t\t<div class=\"elementor-widget-wrap elementor-element-populated\">\n\t\t\t\t\t\t<div class=\"elementor-element elementor-element-d9706de elementor-align-center elementor-widget elementor-widget-button\" data-id=\"d9706de\" data-element_type=\"widget\" data-widget_type=\"button.default\">\n\t\t\t\t<div class=\"elementor-widget-container\">\n\t\t\t\t\t<div class=\"elementor-button-wrapper\">\n\t\t\t<a class=\"elementor-button elementor-button-link elementor-size-xl elementor-animation-grow\" href=\"https:\/\/mindmuseum.at\/index.php\/kontakt\/\">\n\t\t\t\t\t\t<span class=\"elementor-button-content-wrapper\">\n\t\t\t\t\t\t\t\t\t<span class=\"elementor-button-text\">Kontakt<\/span>\n\t\t\t\t\t<\/span>\n\t\t\t\t\t<\/a>\n\t\t<\/div>\n\t\t\t\t<\/div>\n\t\t\t\t<\/div>\n\t\t\t\t<div class=\"elementor-element elementor-element-dade495 elementor-widget elementor-widget-text-editor\" data-id=\"dade495\" data-element_type=\"widget\" data-widget_type=\"text-editor.default\">\n\t\t\t\t<div class=\"elementor-widget-container\">\n\t\t\t\t\t\t\t<h1 style=\"text-align: left;\"><span style=\"font-family: Lora, sans-serif;\"><span style=\"font-size: 18px; font-weight: 400;\">Fotocredit (Banner): Freepik\/rawpixel.com<\/span><\/span><\/h1>\t\t\t\t\t\t<\/div>\n\t\t\t\t<\/div>\n\t\t\t\t\t<\/div>\n\t\t<\/div>\n\t\t\t\t\t<\/div>\n\t\t<\/section>\n\t\t\t\t<\/div>\n\t\t","protected":false},"excerpt":{"rendered":"<p>Der Mensch und die Natur Eine Sammlung unserer Sicht auf Umweltthemen im Allgemeinen, besonders aber auf die beiden Themenkomplexe Biodiversit\u00e4t und Klimawandel! Biodiversit\u00e4t Die wunderbare Vielfalt des Lebens, das uns umgibt: Wir sprechen von ihr, benennen sie, benennen sie wissenschaftlich und sorgen uns um sie. Klimawandel, Verlust an Biodiversit\u00e4t, \u00f6kologische Krisen sind die Stichworte einer gegenw\u00e4rtigen Bezugnahme auf \u201edie Natur\u201c unter dem Vorzeichen warnender Stimmen und besorgter Schlagzeilen, die uns regelm\u00e4\u00dfig daran erinnern, dass unser Ressourcenverbrauch, unsere Art zu leben Folgen zeitigt, die wir h\u00f6chstwahrscheinlich nicht verantworten wollen. Wie stehen Museen zur Vielfalt? Museen sammeln die Vielfalt auf. Sie brauchen sie als Existenzbedingung. Das ist es, was Museen machen: Sie unterhalten eine Liebesbeziehung mit der Vielfalt. Und nirgendwo unter allen Ph\u00e4nomenen, denen wir Menschen begegnen, umf\u00e4ngt uns Vielfalt greifbarer, wahrnehmbarer und unmittelbarer als im Reich [&hellip;]<\/p>\n","protected":false},"author":2,"featured_media":6812,"parent":6707,"menu_order":3,"comment_status":"closed","ping_status":"closed","template":"","meta":{"footnotes":""},"class_list":["post-6751","page","type-page","status-publish","has-post-thumbnail","hentry"],"_links":{"self":[{"href":"https:\/\/mindmuseum.at\/index.php\/wp-json\/wp\/v2\/pages\/6751"}],"collection":[{"href":"https:\/\/mindmuseum.at\/index.php\/wp-json\/wp\/v2\/pages"}],"about":[{"href":"https:\/\/mindmuseum.at\/index.php\/wp-json\/wp\/v2\/types\/page"}],"author":[{"embeddable":true,"href":"https:\/\/mindmuseum.at\/index.php\/wp-json\/wp\/v2\/users\/2"}],"replies":[{"embeddable":true,"href":"https:\/\/mindmuseum.at\/index.php\/wp-json\/wp\/v2\/comments?post=6751"}],"version-history":[{"count":17,"href":"https:\/\/mindmuseum.at\/index.php\/wp-json\/wp\/v2\/pages\/6751\/revisions"}],"predecessor-version":[{"id":7132,"href":"https:\/\/mindmuseum.at\/index.php\/wp-json\/wp\/v2\/pages\/6751\/revisions\/7132"}],"up":[{"embeddable":true,"href":"https:\/\/mindmuseum.at\/index.php\/wp-json\/wp\/v2\/pages\/6707"}],"wp:featuredmedia":[{"embeddable":true,"href":"https:\/\/mindmuseum.at\/index.php\/wp-json\/wp\/v2\/media\/6812"}],"wp:attachment":[{"href":"https:\/\/mindmuseum.at\/index.php\/wp-json\/wp\/v2\/media?parent=6751"}],"curies":[{"name":"wp","href":"https:\/\/api.w.org\/{rel}","templated":true}]}}