{"id":434,"date":"2019-09-13T05:24:14","date_gmt":"2019-09-13T05:24:14","guid":{"rendered":"https:\/\/sitkatheme.com\/main\/?page_id=434"},"modified":"2024-02-08T10:16:58","modified_gmt":"2024-02-08T10:16:58","slug":"mindmuseum","status":"publish","type":"page","link":"https:\/\/mindmuseum.at\/index.php\/mindmuseum\/","title":{"rendered":"mindmuseum"},"content":{"rendered":"\t\t<div data-elementor-type=\"wp-page\" data-elementor-id=\"434\" class=\"elementor elementor-434\">\n\t\t\t\t\t\t<section class=\"elementor-section elementor-top-section elementor-element elementor-element-fab5b9d elementor-section-boxed elementor-section-height-default elementor-section-height-default\" data-id=\"fab5b9d\" data-element_type=\"section\">\n\t\t\t\t\t\t<div class=\"elementor-container elementor-column-gap-default\">\n\t\t\t\t\t<div class=\"elementor-column elementor-col-100 elementor-top-column elementor-element elementor-element-499f673\" data-id=\"499f673\" data-element_type=\"column\">\n\t\t\t<div class=\"elementor-widget-wrap elementor-element-populated\">\n\t\t\t\t\t\t<div class=\"elementor-element elementor-element-74559d5 elementor-widget elementor-widget-heading\" data-id=\"74559d5\" data-element_type=\"widget\" data-widget_type=\"heading.default\">\n\t\t\t\t<div class=\"elementor-widget-container\">\n\t\t\t<h2 class=\"elementor-heading-title elementor-size-xl\">mindmuseum<\/h2>\t\t<\/div>\n\t\t\t\t<\/div>\n\t\t\t\t<div class=\"elementor-element elementor-element-bb4507f elementor-drop-cap-yes elementor-drop-cap-view-default elementor-widget elementor-widget-text-editor\" data-id=\"bb4507f\" data-element_type=\"widget\" data-settings=\"{&quot;drop_cap&quot;:&quot;yes&quot;}\" data-widget_type=\"text-editor.default\">\n\t\t\t\t<div class=\"elementor-widget-container\">\n\t\t\t\t\t\t\t<p><strong>mindmuseum.at<\/strong> ist eine Online-Plattform des k\u00e4rnten.museums. Eine digitale Sammlung von Eindr\u00fccken und Resultaten der Auseinandersetzung mit Themen von gleicherma\u00dfen individueller wie gesellschaftlicher Relevanz. Es ist der Versuch des Dingfestmachens von alledem, was in unserem Kopf herumspukt \u2013 what&#8217;s on your mind. Es ist ein Kooperationsprojekt mit K\u00e4rntner Schulen und Bildungseinrichtungen. Ob der Versuch dieses Festhaltens und Zusammenstellens, ja Ausstellens gelingt, das entscheiden Sie als User von mindmuseum.at, denn Sie sind Museumsbesucher*in, wenn Sie durch die Beitr\u00e4ge dieser Seite surfen! Die digitale Sammlung von Gedanken ergibt das Mindmuseum. Nur aus Gr\u00fcnden der leichteren Inventarisierung haben wir die Teilnehmer*innen unserer Projektschulen gebeten, ihre Gedanken auch noch zu Papier zu bringen \u2013 als Text, als Bild. So wie das Museum, jedes Museum auf das Objekt angewiesen ist, so ist es das Mindmuseum auf die Objektivation \u2026<\/p>\t\t\t\t\t\t<\/div>\n\t\t\t\t<\/div>\n\t\t\t\t\t<\/div>\n\t\t<\/div>\n\t\t\t\t\t<\/div>\n\t\t<\/section>\n\t\t\t\t<section class=\"elementor-section elementor-top-section elementor-element elementor-element-79b6422 elementor-section-boxed elementor-section-height-default elementor-section-height-default\" data-id=\"79b6422\" data-element_type=\"section\">\n\t\t\t\t\t\t<div class=\"elementor-container elementor-column-gap-default\">\n\t\t\t\t\t<div class=\"elementor-column elementor-col-100 elementor-top-column elementor-element elementor-element-783b313\" data-id=\"783b313\" data-element_type=\"column\">\n\t\t\t<div class=\"elementor-widget-wrap elementor-element-populated\">\n\t\t\t\t\t\t<div class=\"elementor-element elementor-element-f3d63de elementor-widget elementor-widget-text-editor\" data-id=\"f3d63de\" data-element_type=\"widget\" data-widget_type=\"text-editor.default\">\n\t\t\t\t<div class=\"elementor-widget-container\">\n\t\t\t\t\t\t\tEtwas weniger philosophisch und ohne mentale Repr\u00e4sentationen formuliert: mindmuseum.at ist ein Kind der Corona-Pandemie 2020 und pr\u00e4sentiert zun\u00e4chst und ausschlie\u00dflich ein Kooperationsprojekt des Landesmuseums K\u00e4rnten mit K\u00e4rntner Schulen unter dem Titel \u201eMeine Sicht der Dinge auf Corona\u201c. Das Mindmuseum des Landesmuseums K\u00e4rnten hat einen K\u00e4rntner Fokus und soll K\u00e4rntner Lebensrealit\u00e4ten abbilden, auch wenn sein Name veritabel universell daherkommt. (Unser Geist ist grenzenlos, leider auch die Verbreitung von Coronaviren.)\t\t\t\t\t\t<\/div>\n\t\t\t\t<\/div>\n\t\t\t\t\t<\/div>\n\t\t<\/div>\n\t\t\t\t\t<\/div>\n\t\t<\/section>\n\t\t\t\t<section class=\"elementor-section elementor-top-section elementor-element elementor-element-35aeabd elementor-section-boxed elementor-section-height-default elementor-section-height-default\" data-id=\"35aeabd\" data-element_type=\"section\">\n\t\t\t\t\t\t<div class=\"elementor-container elementor-column-gap-default\">\n\t\t\t\t\t<div class=\"elementor-column elementor-col-100 elementor-top-column elementor-element elementor-element-c349092\" data-id=\"c349092\" data-element_type=\"column\">\n\t\t\t<div class=\"elementor-widget-wrap elementor-element-populated\">\n\t\t\t\t\t\t<div class=\"elementor-element elementor-element-acb9ecb elementor-widget elementor-widget-text-editor\" data-id=\"acb9ecb\" data-element_type=\"widget\" data-widget_type=\"text-editor.default\">\n\t\t\t\t<div class=\"elementor-widget-container\">\n\t\t\t\t\t\t\t<p>Als Schulprojekt stellt <strong>\u201eMeine Sicht auf Corona\u201c<\/strong> zun\u00e4chst eine Reihe von Fragen:<\/p>\n<ul>\n<li>Was k\u00f6nnen sich kommende Generationen unter der Corona-Krise vorstellen und was bedeutete diese f\u00fcr Sch\u00fcler:innen?<\/li>\n<li>Wie gingen Sch\u00fcler:innen damit um, pl\u00f6tzlich zu Hause von den Eltern im p\u00e4dagogischen Sinne betreut zu werden?<\/li>\n<li>Was bedeutete dies f\u00fcr jene Jugendlichen, die einen Schulwechsel geplant hatten?<\/li>\n<li>Was bedeutete die Corona-Krise f\u00fcr Sch\u00fcler:innen in den Abschlussklassen: Matura ja, nein? Wenn ja, unter welchen Voraussetzungen und Bedingungen? Wie gingen sie damit um?<\/li>\n<\/ul>\n<p>Schon beginnt die Grundlage f\u00fcr die Beantwortung all dieser Fragen Gestalt anzunehmen. Erste Antworten lassen sich wom\u00f6glich bereits aus den bislang inventarisierten Objektzug\u00e4ngen des Mindmuseums herauslesen. Eine abschlie\u00dfende Beantwortung ist wohl weder m\u00f6glich noch sollten wir sie uns \u00fcberhaupt anma\u00dfen. Sch\u00fcler:innen der Altersgruppe 10 bis 19 Jahre mit jeweils spezifischen Erfahrungen, Fragestellungen, \u00c4ngsten und Problemen, schaffen in diesem Projekt eine literarische Quelle, einen Status quo der Krise heute und zugleich eine Hilfestellung, um sp\u00e4teren Generationen unsere Zeit, genau die im Jetzt gelebte Gegenwart, lebendig vor Augen zu f\u00fchren. Die in den Schulen entstehenden Texte generieren online eine lebendige, wachsende und bleibende Textsammlung\/Bibliothek, die den Alltag und die Probleme der Jugendlichen in dieser Situation abbildet und dadurch einerseits Hilfestellung, Erinnerung und Zeitvertreib bietet, andererseits als Materialsammlung zur wissenschaftlichen Aufbereitung und Auseinandersetzung dient.<\/p>\t\t\t\t\t\t<\/div>\n\t\t\t\t<\/div>\n\t\t\t\t\t<\/div>\n\t\t<\/div>\n\t\t\t\t\t<\/div>\n\t\t<\/section>\n\t\t\t\t<section class=\"elementor-section elementor-top-section elementor-element elementor-element-67b92fc elementor-section-boxed elementor-section-height-default elementor-section-height-default\" data-id=\"67b92fc\" data-element_type=\"section\">\n\t\t\t\t\t\t<div class=\"elementor-container elementor-column-gap-default\">\n\t\t\t\t\t<div class=\"elementor-column elementor-col-100 elementor-top-column elementor-element elementor-element-f09887d\" data-id=\"f09887d\" data-element_type=\"column\">\n\t\t\t<div class=\"elementor-widget-wrap elementor-element-populated\">\n\t\t\t\t\t\t<section class=\"elementor-section elementor-inner-section elementor-element elementor-element-eea266f elementor-section-boxed elementor-section-height-default elementor-section-height-default\" data-id=\"eea266f\" data-element_type=\"section\">\n\t\t\t\t\t\t<div class=\"elementor-container elementor-column-gap-default\">\n\t\t\t\t\t<div class=\"elementor-column elementor-col-50 elementor-inner-column elementor-element elementor-element-9a97410\" data-id=\"9a97410\" data-element_type=\"column\">\n\t\t\t<div class=\"elementor-widget-wrap elementor-element-populated\">\n\t\t\t\t\t\t<div class=\"elementor-element elementor-element-ec5ade3 elementor-position-top elementor-widget elementor-widget-image-box\" data-id=\"ec5ade3\" data-element_type=\"widget\" data-widget_type=\"image-box.default\">\n\t\t\t\t<div class=\"elementor-widget-container\">\n\t\t\t<div class=\"elementor-image-box-wrapper\"><figure class=\"elementor-image-box-img\"><a href=\"https:\/\/landesmuseum.ktn.gv.at\/\" target=\"_blank\" tabindex=\"-1\"><img fetchpriority=\"high\" decoding=\"async\" width=\"767\" height=\"1065\" src=\"https:\/\/mindmuseum.at\/wp-content\/uploads\/2022\/10\/km-logo-1c-rot.jpg\" class=\"attachment-full size-full wp-image-7077\" alt=\"\" srcset=\"https:\/\/mindmuseum.at\/wp-content\/uploads\/2022\/10\/km-logo-1c-rot.jpg 767w, https:\/\/mindmuseum.at\/wp-content\/uploads\/2022\/10\/km-logo-1c-rot-216x300.jpg 216w, https:\/\/mindmuseum.at\/wp-content\/uploads\/2022\/10\/km-logo-1c-rot-737x1024.jpg 737w\" sizes=\"(max-width: 767px) 100vw, 767px\" \/><\/a><\/figure><\/div>\t\t<\/div>\n\t\t\t\t<\/div>\n\t\t\t\t\t<\/div>\n\t\t<\/div>\n\t\t\t\t<div class=\"elementor-column elementor-col-50 elementor-inner-column elementor-element elementor-element-684a2e3\" data-id=\"684a2e3\" data-element_type=\"column\">\n\t\t\t<div class=\"elementor-widget-wrap elementor-element-populated\">\n\t\t\t\t\t\t<div class=\"elementor-element elementor-element-403d885 elementor-widget elementor-widget-spacer\" data-id=\"403d885\" data-element_type=\"widget\" data-widget_type=\"spacer.default\">\n\t\t\t\t<div class=\"elementor-widget-container\">\n\t\t\t\t\t<div class=\"elementor-spacer\">\n\t\t\t<div class=\"elementor-spacer-inner\"><\/div>\n\t\t<\/div>\n\t\t\t\t<\/div>\n\t\t\t\t<\/div>\n\t\t\t\t<div class=\"elementor-element elementor-element-e0d6c85 elementor-position-top elementor-widget elementor-widget-image-box\" data-id=\"e0d6c85\" data-element_type=\"widget\" data-widget_type=\"image-box.default\">\n\t\t\t\t<div class=\"elementor-widget-container\">\n\t\t\t<div class=\"elementor-image-box-wrapper\"><figure class=\"elementor-image-box-img\"><a href=\"http:\/\/www.ibg.ac.at\/\" target=\"_blank\" tabindex=\"-1\"><img decoding=\"async\" width=\"839\" height=\"744\" src=\"https:\/\/mindmuseum.at\/wp-content\/uploads\/2020\/11\/ibg_neu.jpg\" class=\"attachment-full size-full wp-image-2116\" alt=\"\" srcset=\"https:\/\/mindmuseum.at\/wp-content\/uploads\/2020\/11\/ibg_neu.jpg 839w, https:\/\/mindmuseum.at\/wp-content\/uploads\/2020\/11\/ibg_neu-300x266.jpg 300w, https:\/\/mindmuseum.at\/wp-content\/uploads\/2020\/11\/ibg_neu-768x681.jpg 768w\" sizes=\"(max-width: 839px) 100vw, 839px\" \/><\/a><\/figure><\/div>\t\t<\/div>\n\t\t\t\t<\/div>\n\t\t\t\t\t<\/div>\n\t\t<\/div>\n\t\t\t\t\t<\/div>\n\t\t<\/section>\n\t\t\t\t<div class=\"elementor-element elementor-element-ad0d3b0 elementor-widget elementor-widget-spacer\" data-id=\"ad0d3b0\" data-element_type=\"widget\" data-widget_type=\"spacer.default\">\n\t\t\t\t<div class=\"elementor-widget-container\">\n\t\t\t\t\t<div class=\"elementor-spacer\">\n\t\t\t<div class=\"elementor-spacer-inner\"><\/div>\n\t\t<\/div>\n\t\t\t\t<\/div>\n\t\t\t\t<\/div>\n\t\t\t\t\t<\/div>\n\t\t<\/div>\n\t\t\t\t\t<\/div>\n\t\t<\/section>\n\t\t\t\t<section class=\"elementor-section elementor-top-section elementor-element elementor-element-9203c23 elementor-section-boxed elementor-section-height-default elementor-section-height-default\" data-id=\"9203c23\" data-element_type=\"section\">\n\t\t\t\t\t\t<div class=\"elementor-container elementor-column-gap-default\">\n\t\t\t\t\t<div class=\"elementor-column elementor-col-50 elementor-top-column elementor-element elementor-element-eb50f0d\" data-id=\"eb50f0d\" data-element_type=\"column\">\n\t\t\t<div class=\"elementor-widget-wrap elementor-element-populated\">\n\t\t\t\t\t\t<div class=\"elementor-element elementor-element-3505df8 elementor-widget elementor-widget-image\" data-id=\"3505df8\" data-element_type=\"widget\" data-widget_type=\"image.default\">\n\t\t\t\t<div class=\"elementor-widget-container\">\n\t\t\t\t\t\t\t\t\t\t\t\t\t\t<a href=\"https:\/\/www.kulturchannel.at\/\" target=\"_blank\">\n\t\t\t\t\t\t\t<img decoding=\"async\" width=\"300\" height=\"66\" src=\"https:\/\/mindmuseum.at\/wp-content\/uploads\/2020\/11\/logo-kultur-300x66.jpg\" class=\"attachment-medium size-medium wp-image-2756\" alt=\"\" srcset=\"https:\/\/mindmuseum.at\/wp-content\/uploads\/2020\/11\/logo-kultur-300x66.jpg 300w, https:\/\/mindmuseum.at\/wp-content\/uploads\/2020\/11\/logo-kultur-768x168.jpg 768w, https:\/\/mindmuseum.at\/wp-content\/uploads\/2020\/11\/logo-kultur.jpg 835w\" sizes=\"(max-width: 300px) 100vw, 300px\" \/>\t\t\t\t\t\t\t\t<\/a>\n\t\t\t\t\t\t\t\t\t\t\t\t\t<\/div>\n\t\t\t\t<\/div>\n\t\t\t\t\t<\/div>\n\t\t<\/div>\n\t\t\t\t<div class=\"elementor-column elementor-col-50 elementor-top-column elementor-element elementor-element-1c9eaac\" data-id=\"1c9eaac\" data-element_type=\"column\">\n\t\t\t<div class=\"elementor-widget-wrap elementor-element-populated\">\n\t\t\t\t\t\t<div class=\"elementor-element elementor-element-2f3a48d elementor-widget elementor-widget-image\" data-id=\"2f3a48d\" data-element_type=\"widget\" data-widget_type=\"image.default\">\n\t\t\t\t<div class=\"elementor-widget-container\">\n\t\t\t\t\t\t\t\t\t\t\t\t\t\t<a href=\"https:\/\/www.ktn.gv.at\/\" target=\"_blank\">\n\t\t\t\t\t\t\t<img loading=\"lazy\" decoding=\"async\" width=\"300\" height=\"35\" src=\"https:\/\/mindmuseum.at\/wp-content\/uploads\/2020\/11\/logo-ktn-300x35.jpg\" class=\"attachment-medium size-medium wp-image-2755\" alt=\"\" srcset=\"https:\/\/mindmuseum.at\/wp-content\/uploads\/2020\/11\/logo-ktn-300x35.jpg 300w, https:\/\/mindmuseum.at\/wp-content\/uploads\/2020\/11\/logo-ktn-768x89.jpg 768w, https:\/\/mindmuseum.at\/wp-content\/uploads\/2020\/11\/logo-ktn.jpg 835w\" sizes=\"(max-width: 300px) 100vw, 300px\" \/>\t\t\t\t\t\t\t\t<\/a>\n\t\t\t\t\t\t\t\t\t\t\t\t\t<\/div>\n\t\t\t\t<\/div>\n\t\t\t\t\t<\/div>\n\t\t<\/div>\n\t\t\t\t\t<\/div>\n\t\t<\/section>\n\t\t\t\t<section class=\"elementor-section elementor-top-section elementor-element elementor-element-9ca0e4c elementor-section-boxed elementor-section-height-default elementor-section-height-default\" data-id=\"9ca0e4c\" data-element_type=\"section\">\n\t\t\t\t\t\t<div class=\"elementor-container elementor-column-gap-default\">\n\t\t\t\t\t<div class=\"elementor-column elementor-col-50 elementor-top-column elementor-element elementor-element-aaab0a4\" data-id=\"aaab0a4\" data-element_type=\"column\">\n\t\t\t<div class=\"elementor-widget-wrap elementor-element-populated\">\n\t\t\t\t\t\t<div class=\"elementor-element elementor-element-1518f24 elementor-widget elementor-widget-spacer\" data-id=\"1518f24\" data-element_type=\"widget\" data-widget_type=\"spacer.default\">\n\t\t\t\t<div class=\"elementor-widget-container\">\n\t\t\t\t\t<div class=\"elementor-spacer\">\n\t\t\t<div class=\"elementor-spacer-inner\"><\/div>\n\t\t<\/div>\n\t\t\t\t<\/div>\n\t\t\t\t<\/div>\n\t\t\t\t<div class=\"elementor-element elementor-element-a4780d2 elementor-widget elementor-widget-image\" data-id=\"a4780d2\" data-element_type=\"widget\" data-widget_type=\"image.default\">\n\t\t\t\t<div class=\"elementor-widget-container\">\n\t\t\t\t\t\t\t\t\t\t\t\t\t\t<a href=\"https:\/\/www.kulturchannel.at\/\" target=\"_blank\">\n\t\t\t\t\t\t\t<img decoding=\"async\" src=\"https:\/\/mindmuseum.at\/wp-content\/uploads\/elementor\/thumbs\/isc-logo-master-2016-p8ztwik3z8ogg9kd7zac9sdc304vgvc9unbh32p2cw.jpg\" title=\"ISC_logo_master_2016\" alt=\"ISC_logo_master_2016\" loading=\"lazy\" \/>\t\t\t\t\t\t\t\t<\/a>\n\t\t\t\t\t\t\t\t\t\t\t\t\t<\/div>\n\t\t\t\t<\/div>\n\t\t\t\t\t<\/div>\n\t\t<\/div>\n\t\t\t\t<div class=\"elementor-column elementor-col-50 elementor-top-column elementor-element elementor-element-238d4e5\" data-id=\"238d4e5\" data-element_type=\"column\">\n\t\t\t<div class=\"elementor-widget-wrap elementor-element-populated\">\n\t\t\t\t\t\t<div class=\"elementor-element elementor-element-2b747c6 elementor-widget elementor-widget-spacer\" data-id=\"2b747c6\" data-element_type=\"widget\" data-widget_type=\"spacer.default\">\n\t\t\t\t<div class=\"elementor-widget-container\">\n\t\t\t\t\t<div class=\"elementor-spacer\">\n\t\t\t<div class=\"elementor-spacer-inner\"><\/div>\n\t\t<\/div>\n\t\t\t\t<\/div>\n\t\t\t\t<\/div>\n\t\t\t\t<div class=\"elementor-element elementor-element-8d002fb elementor-widget elementor-widget-image\" data-id=\"8d002fb\" data-element_type=\"widget\" data-widget_type=\"image.default\">\n\t\t\t\t<div class=\"elementor-widget-container\">\n\t\t\t\t\t\t\t\t\t\t\t\t\t\t<a href=\"http:\/\/www.stiftsgym-stpaul.at\/\">\n\t\t\t\t\t\t\t<img loading=\"lazy\" decoding=\"async\" width=\"1024\" height=\"311\" src=\"https:\/\/mindmuseum.at\/wp-content\/uploads\/2022\/09\/logostiftsgymnasiumstpaulneu-1024x311.jpg\" class=\"attachment-large size-large wp-image-6934\" alt=\"\" srcset=\"https:\/\/mindmuseum.at\/wp-content\/uploads\/2022\/09\/logostiftsgymnasiumstpaulneu-1024x311.jpg 1024w, https:\/\/mindmuseum.at\/wp-content\/uploads\/2022\/09\/logostiftsgymnasiumstpaulneu-300x91.jpg 300w, https:\/\/mindmuseum.at\/wp-content\/uploads\/2022\/09\/logostiftsgymnasiumstpaulneu-768x233.jpg 768w, https:\/\/mindmuseum.at\/wp-content\/uploads\/2022\/09\/logostiftsgymnasiumstpaulneu-1536x467.jpg 1536w, https:\/\/mindmuseum.at\/wp-content\/uploads\/2022\/09\/logostiftsgymnasiumstpaulneu-2048x622.jpg 2048w, https:\/\/mindmuseum.at\/wp-content\/uploads\/2022\/09\/logostiftsgymnasiumstpaulneu-1140x346.jpg 1140w, https:\/\/mindmuseum.at\/wp-content\/uploads\/2022\/09\/logostiftsgymnasiumstpaulneu-1920x584.jpg 1920w\" sizes=\"(max-width: 1024px) 100vw, 1024px\" \/>\t\t\t\t\t\t\t\t<\/a>\n\t\t\t\t\t\t\t\t\t\t\t\t\t<\/div>\n\t\t\t\t<\/div>\n\t\t\t\t\t<\/div>\n\t\t<\/div>\n\t\t\t\t\t<\/div>\n\t\t<\/section>\n\t\t\t\t<\/div>\n\t\t","protected":false},"excerpt":{"rendered":"<p>mindmuseum mindmuseum.at ist eine Online-Plattform des k\u00e4rnten.museums. Eine digitale Sammlung von Eindr\u00fccken und Resultaten der Auseinandersetzung mit Themen von gleicherma\u00dfen individueller wie gesellschaftlicher Relevanz. Es ist der Versuch des Dingfestmachens von alledem, was in unserem Kopf herumspukt \u2013 what&#8217;s on your mind. Es ist ein Kooperationsprojekt mit K\u00e4rntner Schulen und Bildungseinrichtungen. Ob der Versuch dieses Festhaltens und Zusammenstellens, ja Ausstellens gelingt, das entscheiden Sie als User von mindmuseum.at, denn Sie sind Museumsbesucher*in, wenn Sie durch die Beitr\u00e4ge dieser Seite surfen! Die digitale Sammlung von Gedanken ergibt das Mindmuseum. Nur aus Gr\u00fcnden der leichteren Inventarisierung haben wir die Teilnehmer*innen unserer Projektschulen gebeten, ihre Gedanken auch noch zu Papier zu bringen \u2013 als Text, als Bild. So wie das Museum, jedes Museum auf das Objekt angewiesen ist, so ist es das Mindmuseum auf die Objektivation \u2026 Etwas [&hellip;]<\/p>\n","protected":false},"author":1,"featured_media":0,"parent":0,"menu_order":7,"comment_status":"closed","ping_status":"closed","template":"","meta":{"footnotes":""},"class_list":["post-434","page","type-page","status-publish","hentry"],"_links":{"self":[{"href":"https:\/\/mindmuseum.at\/index.php\/wp-json\/wp\/v2\/pages\/434"}],"collection":[{"href":"https:\/\/mindmuseum.at\/index.php\/wp-json\/wp\/v2\/pages"}],"about":[{"href":"https:\/\/mindmuseum.at\/index.php\/wp-json\/wp\/v2\/types\/page"}],"author":[{"embeddable":true,"href":"https:\/\/mindmuseum.at\/index.php\/wp-json\/wp\/v2\/users\/1"}],"replies":[{"embeddable":true,"href":"https:\/\/mindmuseum.at\/index.php\/wp-json\/wp\/v2\/comments?post=434"}],"version-history":[{"count":117,"href":"https:\/\/mindmuseum.at\/index.php\/wp-json\/wp\/v2\/pages\/434\/revisions"}],"predecessor-version":[{"id":7171,"href":"https:\/\/mindmuseum.at\/index.php\/wp-json\/wp\/v2\/pages\/434\/revisions\/7171"}],"wp:attachment":[{"href":"https:\/\/mindmuseum.at\/index.php\/wp-json\/wp\/v2\/media?parent=434"}],"curies":[{"name":"wp","href":"https:\/\/api.w.org\/{rel}","templated":true}]}}