{"id":2048,"date":"2020-11-06T09:02:32","date_gmt":"2020-11-06T09:02:32","guid":{"rendered":"https:\/\/mindmuseum.at\/?page_id=2048"},"modified":"2024-02-01T11:58:08","modified_gmt":"2024-02-01T11:58:08","slug":"home","status":"publish","type":"page","link":"https:\/\/mindmuseum.at\/","title":{"rendered":"Home"},"content":{"rendered":"\t\t<div data-elementor-type=\"wp-page\" data-elementor-id=\"2048\" class=\"elementor elementor-2048\">\n\t\t\t\t\t\t<section class=\"elementor-section elementor-top-section elementor-element elementor-element-b07205e elementor-section-boxed elementor-section-height-default elementor-section-height-default\" data-id=\"b07205e\" data-element_type=\"section\">\n\t\t\t\t\t\t<div class=\"elementor-container elementor-column-gap-default\">\n\t\t\t\t\t<div class=\"elementor-column elementor-col-100 elementor-top-column elementor-element elementor-element-003d8b1\" data-id=\"003d8b1\" data-element_type=\"column\">\n\t\t\t<div class=\"elementor-widget-wrap elementor-element-populated\">\n\t\t\t\t\t\t<div class=\"elementor-element elementor-element-7e20e99 elementor-widget elementor-widget-image\" data-id=\"7e20e99\" data-element_type=\"widget\" data-widget_type=\"image.default\">\n\t\t\t\t<div class=\"elementor-widget-container\">\n\t\t\t\t\t\t\t\t\t\t\t\t\t<img fetchpriority=\"high\" decoding=\"async\" width=\"2551\" height=\"970\" src=\"https:\/\/mindmuseum.at\/wp-content\/uploads\/2020\/11\/mindmuseum-logo-2020-final-petrol-1.png\" class=\"attachment-full size-full wp-image-2386\" alt=\"\" srcset=\"https:\/\/mindmuseum.at\/wp-content\/uploads\/2020\/11\/mindmuseum-logo-2020-final-petrol-1.png 2551w, https:\/\/mindmuseum.at\/wp-content\/uploads\/2020\/11\/mindmuseum-logo-2020-final-petrol-1-300x114.png 300w, https:\/\/mindmuseum.at\/wp-content\/uploads\/2020\/11\/mindmuseum-logo-2020-final-petrol-1-1024x389.png 1024w, https:\/\/mindmuseum.at\/wp-content\/uploads\/2020\/11\/mindmuseum-logo-2020-final-petrol-1-768x292.png 768w, https:\/\/mindmuseum.at\/wp-content\/uploads\/2020\/11\/mindmuseum-logo-2020-final-petrol-1-1536x584.png 1536w, https:\/\/mindmuseum.at\/wp-content\/uploads\/2020\/11\/mindmuseum-logo-2020-final-petrol-1-2048x779.png 2048w, https:\/\/mindmuseum.at\/wp-content\/uploads\/2020\/11\/mindmuseum-logo-2020-final-petrol-1-1140x433.png 1140w, https:\/\/mindmuseum.at\/wp-content\/uploads\/2020\/11\/mindmuseum-logo-2020-final-petrol-1-1920x730.png 1920w\" sizes=\"(max-width: 2551px) 100vw, 2551px\" \/>\t\t\t\t\t\t\t\t\t\t\t\t\t<\/div>\n\t\t\t\t<\/div>\n\t\t\t\t\t<\/div>\n\t\t<\/div>\n\t\t\t\t\t<\/div>\n\t\t<\/section>\n\t\t\t\t<section class=\"elementor-section elementor-top-section elementor-element elementor-element-19f4644 elementor-section-boxed elementor-section-height-default elementor-section-height-default\" data-id=\"19f4644\" data-element_type=\"section\">\n\t\t\t\t\t\t<div class=\"elementor-container elementor-column-gap-default\">\n\t\t\t\t\t<div class=\"elementor-column elementor-col-100 elementor-top-column elementor-element elementor-element-80c4ddd\" data-id=\"80c4ddd\" data-element_type=\"column\">\n\t\t\t<div class=\"elementor-widget-wrap elementor-element-populated\">\n\t\t\t\t\t\t<div class=\"elementor-element elementor-element-4a64b32 elementor-widget elementor-widget-spacer\" data-id=\"4a64b32\" data-element_type=\"widget\" data-widget_type=\"spacer.default\">\n\t\t\t\t<div class=\"elementor-widget-container\">\n\t\t\t\t\t<div class=\"elementor-spacer\">\n\t\t\t<div class=\"elementor-spacer-inner\"><\/div>\n\t\t<\/div>\n\t\t\t\t<\/div>\n\t\t\t\t<\/div>\n\t\t\t\t<div class=\"elementor-element elementor-element-4294fbb elementor-widget__width-inherit elementor-widget elementor-widget-image\" data-id=\"4294fbb\" data-element_type=\"widget\" data-widget_type=\"image.default\">\n\t\t\t\t<div class=\"elementor-widget-container\">\n\t\t\t\t\t\t\t\t\t\t\t\t\t<img decoding=\"async\" width=\"1024\" height=\"574\" src=\"https:\/\/mindmuseum.at\/wp-content\/uploads\/2022\/09\/umweltbanner-fotocredit-freepik-rawpixelcom-11-1024x574.jpg\" class=\"attachment-large size-large wp-image-7035\" alt=\"\" srcset=\"https:\/\/mindmuseum.at\/wp-content\/uploads\/2022\/09\/umweltbanner-fotocredit-freepik-rawpixelcom-11-1024x574.jpg 1024w, https:\/\/mindmuseum.at\/wp-content\/uploads\/2022\/09\/umweltbanner-fotocredit-freepik-rawpixelcom-11-300x168.jpg 300w, https:\/\/mindmuseum.at\/wp-content\/uploads\/2022\/09\/umweltbanner-fotocredit-freepik-rawpixelcom-11-768x431.jpg 768w, https:\/\/mindmuseum.at\/wp-content\/uploads\/2022\/09\/umweltbanner-fotocredit-freepik-rawpixelcom-11-1536x862.jpg 1536w, https:\/\/mindmuseum.at\/wp-content\/uploads\/2022\/09\/umweltbanner-fotocredit-freepik-rawpixelcom-11-2048x1149.jpg 2048w, https:\/\/mindmuseum.at\/wp-content\/uploads\/2022\/09\/umweltbanner-fotocredit-freepik-rawpixelcom-11-1140x640.jpg 1140w, https:\/\/mindmuseum.at\/wp-content\/uploads\/2022\/09\/umweltbanner-fotocredit-freepik-rawpixelcom-11-1920x1077.jpg 1920w\" sizes=\"(max-width: 1024px) 100vw, 1024px\" \/>\t\t\t\t\t\t\t\t\t\t\t\t\t<\/div>\n\t\t\t\t<\/div>\n\t\t\t\t\t<\/div>\n\t\t<\/div>\n\t\t\t\t\t<\/div>\n\t\t<\/section>\n\t\t\t\t<section class=\"elementor-section elementor-top-section elementor-element elementor-element-afd9a67 elementor-section-boxed elementor-section-height-default elementor-section-height-default\" data-id=\"afd9a67\" data-element_type=\"section\">\n\t\t\t\t\t\t<div class=\"elementor-container elementor-column-gap-default\">\n\t\t\t\t\t<div class=\"elementor-column elementor-col-100 elementor-top-column elementor-element elementor-element-7a060ae\" data-id=\"7a060ae\" data-element_type=\"column\">\n\t\t\t<div class=\"elementor-widget-wrap elementor-element-populated\">\n\t\t\t\t\t\t<section class=\"elementor-section elementor-inner-section elementor-element elementor-element-c4c08e2 elementor-section-boxed elementor-section-height-default elementor-section-height-default\" data-id=\"c4c08e2\" data-element_type=\"section\">\n\t\t\t\t\t\t<div class=\"elementor-container elementor-column-gap-default\">\n\t\t\t\t\t<div class=\"elementor-column elementor-col-100 elementor-inner-column elementor-element elementor-element-e62e68b\" data-id=\"e62e68b\" data-element_type=\"column\">\n\t\t\t<div class=\"elementor-widget-wrap elementor-element-populated\">\n\t\t\t\t\t\t<div class=\"elementor-element elementor-element-38d62b1 elementor-widget elementor-widget-text-editor\" data-id=\"38d62b1\" data-element_type=\"widget\" data-widget_type=\"text-editor.default\">\n\t\t\t\t<div class=\"elementor-widget-container\">\n\t\t\t\t\t\t\t<h2>Ihre Sicht der Dinge<\/h2>\t\t\t\t\t\t<\/div>\n\t\t\t\t<\/div>\n\t\t\t\t\t<\/div>\n\t\t<\/div>\n\t\t\t\t\t<\/div>\n\t\t<\/section>\n\t\t\t\t<section class=\"elementor-section elementor-inner-section elementor-element elementor-element-eb9da2f elementor-section-boxed elementor-section-height-default elementor-section-height-default\" data-id=\"eb9da2f\" data-element_type=\"section\">\n\t\t\t\t\t\t<div class=\"elementor-container elementor-column-gap-default\">\n\t\t\t\t\t<div class=\"elementor-column elementor-col-100 elementor-inner-column elementor-element elementor-element-8527e7e\" data-id=\"8527e7e\" data-element_type=\"column\">\n\t\t\t<div class=\"elementor-widget-wrap elementor-element-populated\">\n\t\t\t\t\t\t<div class=\"elementor-element elementor-element-3aa6112 elementor-widget elementor-widget-text-editor\" data-id=\"3aa6112\" data-element_type=\"widget\" data-widget_type=\"text-editor.default\">\n\t\t\t\t<div class=\"elementor-widget-container\">\n\t\t\t\t\t\t\t<p>mindmuseum.at ist eine Online-Plattform<br \/>des k\u00e4rnten.museum, eine digitale<br \/>Sammlung von Eindr\u00fccken und Resultaten der Auseinandersetzung mit<br \/>Themen von gleicherma\u00dfen individueller wie gesellschaftlicher Relevanz.<br \/>Es ist der Versuch des Dingfestmachens von alledem, was in unserem Kopf<br \/>herumspukt \u2013 what\u2019s on your mind \u2013 und ein Kooperationsprojekt mit K\u00e4rntner<br \/>Schulen und Bildungseinrichtungen.<\/p>\t\t\t\t\t\t<\/div>\n\t\t\t\t<\/div>\n\t\t\t\t\t<\/div>\n\t\t<\/div>\n\t\t\t\t\t<\/div>\n\t\t<\/section>\n\t\t\t\t\t<\/div>\n\t\t<\/div>\n\t\t\t\t\t<\/div>\n\t\t<\/section>\n\t\t\t\t<section class=\"elementor-section elementor-top-section elementor-element elementor-element-09522b5 elementor-section-boxed elementor-section-height-default elementor-section-height-default\" data-id=\"09522b5\" data-element_type=\"section\">\n\t\t\t\t\t\t<div class=\"elementor-container elementor-column-gap-default\">\n\t\t\t\t\t<div class=\"elementor-column elementor-col-50 elementor-top-column elementor-element elementor-element-8d9f202\" data-id=\"8d9f202\" data-element_type=\"column\">\n\t\t\t<div class=\"elementor-widget-wrap elementor-element-populated\">\n\t\t\t\t\t\t<div class=\"elementor-element elementor-element-f7e7ddc elementor-align-center elementor-widget elementor-widget-button\" data-id=\"f7e7ddc\" data-element_type=\"widget\" data-widget_type=\"button.default\">\n\t\t\t\t<div class=\"elementor-widget-container\">\n\t\t\t\t\t<div class=\"elementor-button-wrapper\">\n\t\t\t<a class=\"elementor-button elementor-button-link elementor-size-xl elementor-animation-grow\" href=\"https:\/\/mindmuseum.at\/index.php\/category\/bibliothek\/\">\n\t\t\t\t\t\t<span class=\"elementor-button-content-wrapper\">\n\t\t\t\t\t\t\t\t\t<span class=\"elementor-button-text\">Bibliothek<\/span>\n\t\t\t\t\t<\/span>\n\t\t\t\t\t<\/a>\n\t\t<\/div>\n\t\t\t\t<\/div>\n\t\t\t\t<\/div>\n\t\t\t\t\t<\/div>\n\t\t<\/div>\n\t\t\t\t<div class=\"elementor-column elementor-col-50 elementor-top-column elementor-element elementor-element-588059b\" data-id=\"588059b\" data-element_type=\"column\">\n\t\t\t<div class=\"elementor-widget-wrap elementor-element-populated\">\n\t\t\t\t\t\t<div class=\"elementor-element elementor-element-7294ccc elementor-align-center elementor-widget elementor-widget-button\" data-id=\"7294ccc\" data-element_type=\"widget\" data-widget_type=\"button.default\">\n\t\t\t\t<div class=\"elementor-widget-container\">\n\t\t\t\t\t<div class=\"elementor-button-wrapper\">\n\t\t\t<a class=\"elementor-button elementor-button-link elementor-size-xl elementor-animation-grow\" href=\"https:\/\/mindmuseum.at\/index.php\/2020\/11\/09\/galerie\/\">\n\t\t\t\t\t\t<span class=\"elementor-button-content-wrapper\">\n\t\t\t\t\t\t\t\t\t<span class=\"elementor-button-text\">Galerie<\/span>\n\t\t\t\t\t<\/span>\n\t\t\t\t\t<\/a>\n\t\t<\/div>\n\t\t\t\t<\/div>\n\t\t\t\t<\/div>\n\t\t\t\t\t<\/div>\n\t\t<\/div>\n\t\t\t\t\t<\/div>\n\t\t<\/section>\n\t\t\t\t<\/div>\n\t\t","protected":false},"excerpt":{"rendered":"<p>Ihre Sicht der Dinge mindmuseum.at ist eine Online-Plattformdes k\u00e4rnten.museum, eine digitaleSammlung von Eindr\u00fccken und Resultaten der Auseinandersetzung mitThemen von gleicherma\u00dfen individueller wie gesellschaftlicher Relevanz.Es ist der Versuch des Dingfestmachens von alledem, was in unserem Kopfherumspukt \u2013 what\u2019s on your mind \u2013 und ein Kooperationsprojekt mit K\u00e4rntnerSchulen und Bildungseinrichtungen. Bibliothek Galerie<\/p>\n","protected":false},"author":1,"featured_media":1874,"parent":0,"menu_order":0,"comment_status":"closed","ping_status":"closed","template":"","meta":{"footnotes":""},"class_list":["post-2048","page","type-page","status-publish","has-post-thumbnail","hentry"],"_links":{"self":[{"href":"https:\/\/mindmuseum.at\/index.php\/wp-json\/wp\/v2\/pages\/2048"}],"collection":[{"href":"https:\/\/mindmuseum.at\/index.php\/wp-json\/wp\/v2\/pages"}],"about":[{"href":"https:\/\/mindmuseum.at\/index.php\/wp-json\/wp\/v2\/types\/page"}],"author":[{"embeddable":true,"href":"https:\/\/mindmuseum.at\/index.php\/wp-json\/wp\/v2\/users\/1"}],"replies":[{"embeddable":true,"href":"https:\/\/mindmuseum.at\/index.php\/wp-json\/wp\/v2\/comments?post=2048"}],"version-history":[{"count":107,"href":"https:\/\/mindmuseum.at\/index.php\/wp-json\/wp\/v2\/pages\/2048\/revisions"}],"predecessor-version":[{"id":7127,"href":"https:\/\/mindmuseum.at\/index.php\/wp-json\/wp\/v2\/pages\/2048\/revisions\/7127"}],"wp:featuredmedia":[{"embeddable":true,"href":"https:\/\/mindmuseum.at\/index.php\/wp-json\/wp\/v2\/media\/1874"}],"wp:attachment":[{"href":"https:\/\/mindmuseum.at\/index.php\/wp-json\/wp\/v2\/media?parent=2048"}],"curies":[{"name":"wp","href":"https:\/\/api.w.org\/{rel}","templated":true}]}}