{"id":1908,"date":"2020-11-02T10:24:34","date_gmt":"2020-11-02T10:24:34","guid":{"rendered":"https:\/\/mindmuseum.at\/?page_id=1908"},"modified":"2022-03-18T11:45:32","modified_gmt":"2022-03-18T11:45:32","slug":"kontakt","status":"publish","type":"page","link":"https:\/\/mindmuseum.at\/index.php\/kontakt\/","title":{"rendered":"Kontakt"},"content":{"rendered":"\t\t<div data-elementor-type=\"wp-page\" data-elementor-id=\"1908\" class=\"elementor elementor-1908\">\n\t\t\t\t\t\t<section class=\"elementor-section elementor-top-section elementor-element elementor-element-fab5b9d elementor-section-boxed elementor-section-height-default elementor-section-height-default\" data-id=\"fab5b9d\" data-element_type=\"section\">\n\t\t\t\t\t\t<div class=\"elementor-container elementor-column-gap-default\">\n\t\t\t\t\t<div class=\"elementor-column elementor-col-100 elementor-top-column elementor-element elementor-element-499f673\" data-id=\"499f673\" data-element_type=\"column\">\n\t\t\t<div class=\"elementor-widget-wrap elementor-element-populated\">\n\t\t\t\t\t\t<div class=\"elementor-element elementor-element-d42396b elementor-widget elementor-widget-heading\" data-id=\"d42396b\" data-element_type=\"widget\" data-widget_type=\"heading.default\">\n\t\t\t\t<div class=\"elementor-widget-container\">\n\t\t\t<h2 class=\"elementor-heading-title elementor-size-xl\">Kontakt<\/h2>\t\t<\/div>\n\t\t\t\t<\/div>\n\t\t\t\t<div class=\"elementor-element elementor-element-bb4507f elementor-widget elementor-widget-text-editor\" data-id=\"bb4507f\" data-element_type=\"widget\" data-widget_type=\"text-editor.default\">\n\t\t\t\t<div class=\"elementor-widget-container\">\n\t\t\t\t\t\t\t<p>Das mindmuseum \u2013 die digitale Sammlungsplattform des Landesmuseums K\u00e4rnten als Langzeit-Schulprojekt f\u00fcr das Dingfestmachen von alledem, was in unserem Kopf herumspukt \u2013 what\u2019s on our mind. Wie es funktioniert, wie man mitmacht, f\u00fcr alle Fragen zum Sammlungs- und zum p\u00e4dagogischen Konzept:<\/p>\t\t\t\t\t\t<\/div>\n\t\t\t\t<\/div>\n\t\t\t\t\t<\/div>\n\t\t<\/div>\n\t\t\t\t\t<\/div>\n\t\t<\/section>\n\t\t\t\t<section class=\"elementor-section elementor-top-section elementor-element elementor-element-79b6422 elementor-section-boxed elementor-section-height-default elementor-section-height-default\" data-id=\"79b6422\" data-element_type=\"section\">\n\t\t\t\t\t\t<div class=\"elementor-container elementor-column-gap-default\">\n\t\t\t\t\t<div class=\"elementor-column elementor-col-100 elementor-top-column elementor-element elementor-element-783b313\" data-id=\"783b313\" data-element_type=\"column\">\n\t\t\t<div class=\"elementor-widget-wrap elementor-element-populated\">\n\t\t\t\t\t\t<div class=\"elementor-element elementor-element-f3d63de elementor-widget elementor-widget-text-editor\" data-id=\"f3d63de\" data-element_type=\"widget\" data-widget_type=\"text-editor.default\">\n\t\t\t\t<div class=\"elementor-widget-container\">\n\t\t\t\t\t\t\t<p><strong>LANDESMUSEUM K\u00c4RNTEN<\/strong><\/p><p>Sammlungs- und Wissenschaftszentrum<br \/>Liberogasse 6 <br \/>9020 Klagenfurt am W\u00f6rthersee<\/p><p>Tel.: +43 (0)50 536 &#8211; 30599<br \/>E-Mail: <a href=\"mailto:mind@landesmuseum.ktn.gv.at\">mind@landesmuseum.ktn.gv.at<\/a><br \/><a href=\"https:\/\/landesmuseum.ktn.gv.at\/\">landesmuseum.ktn.gv.at<\/a><\/p>\t\t\t\t\t\t<\/div>\n\t\t\t\t<\/div>\n\t\t\t\t\t<\/div>\n\t\t<\/div>\n\t\t\t\t\t<\/div>\n\t\t<\/section>\n\t\t\t\t<\/div>\n\t\t","protected":false},"excerpt":{"rendered":"<p>Kontakt Das mindmuseum \u2013 die digitale Sammlungsplattform des Landesmuseums K\u00e4rnten als Langzeit-Schulprojekt f\u00fcr das Dingfestmachen von alledem, was in unserem Kopf herumspukt \u2013 what\u2019s on our mind. Wie es funktioniert, wie man mitmacht, f\u00fcr alle Fragen zum Sammlungs- und zum p\u00e4dagogischen Konzept: LANDESMUSEUM K\u00c4RNTEN Sammlungs- und WissenschaftszentrumLiberogasse 6 9020 Klagenfurt am W\u00f6rthersee Tel.: +43 (0)50 536 &#8211; 30599E-Mail: mind@landesmuseum.ktn.gv.atlandesmuseum.ktn.gv.at<\/p>\n","protected":false},"author":1,"featured_media":0,"parent":0,"menu_order":4,"comment_status":"closed","ping_status":"closed","template":"","meta":{"footnotes":""},"class_list":["post-1908","page","type-page","status-publish","hentry"],"_links":{"self":[{"href":"https:\/\/mindmuseum.at\/index.php\/wp-json\/wp\/v2\/pages\/1908"}],"collection":[{"href":"https:\/\/mindmuseum.at\/index.php\/wp-json\/wp\/v2\/pages"}],"about":[{"href":"https:\/\/mindmuseum.at\/index.php\/wp-json\/wp\/v2\/types\/page"}],"author":[{"embeddable":true,"href":"https:\/\/mindmuseum.at\/index.php\/wp-json\/wp\/v2\/users\/1"}],"replies":[{"embeddable":true,"href":"https:\/\/mindmuseum.at\/index.php\/wp-json\/wp\/v2\/comments?post=1908"}],"version-history":[{"count":31,"href":"https:\/\/mindmuseum.at\/index.php\/wp-json\/wp\/v2\/pages\/1908\/revisions"}],"predecessor-version":[{"id":6853,"href":"https:\/\/mindmuseum.at\/index.php\/wp-json\/wp\/v2\/pages\/1908\/revisions\/6853"}],"wp:attachment":[{"href":"https:\/\/mindmuseum.at\/index.php\/wp-json\/wp\/v2\/media?parent=1908"}],"curies":[{"name":"wp","href":"https:\/\/api.w.org\/{rel}","templated":true}]}}